{"id":15420,"date":"2015-05-28T07:42:36","date_gmt":"2015-05-28T07:42:36","guid":{"rendered":"http:\/\/demo.qodeinteractive.com\/bridge119\/?page_id=15420"},"modified":"2025-03-28T10:46:34","modified_gmt":"2025-03-28T09:46:34","slug":"reservas","status":"publish","type":"page","link":"https:\/\/elitaliano.es\/en\/reservas\/","title":{"rendered":"Contacta y Reserva"},"content":{"rendered":"<h2 style=\"text-align: center;\">RESERVA<\/h2>\n<p style=\"text-align: center;\">Estamos en la calle de Calder\u00f3n de la Barca, 9, Santander.<\/p>\n<p style=\"text-align: center;\"><strong>Puedes llamarnos al tel\u00e9fono 942 21 21 68.<\/strong><\/p>\n<p style=\"text-align: center;\"><strong style=\"color: var( --e-global-color-text ); font-family: var( --e-global-typography-text-font-family ), Sans-serif;\">Nuestro horario es de lunes a viernes de 13.00 a 01.00 h.<\/strong><\/p>\n<p style=\"text-align: center;\">El restaurante-tienda El Italiano est\u00e1 enfrente del Ferry, a la entrada de Santander, a 10 minutos del aeropuerto, a un minuto de la estaci\u00f3n de tren.<\/p>\n<p style=\"text-align: center;\">Esto es muy importante, porque nuestra pasta es de N\u00e1poles, nuestro peperoncino es de Calabria, nuestros tomates son del Vesubio, nuestro vino nace en la Toscana\u2026 Y, s\u00ed, \u00a1todo viene en avi\u00f3n, tren o cami\u00f3n desde Italia!<\/p>\n<p style=\"text-align: center;\">Abrimos todos los d\u00edas de la semana, reserva\u00a0<em>online<\/em>\u00a0siempre abierta.<\/p>\n<p style=\"text-align: center;\"><iframe style=\"border: 0;\" src=\"https:\/\/www.google.com\/maps\/embed?pb=!1m18!1m12!1m3!1d2896.0473775954692!2d-3.810773223790321!3d43.459608071111916!2m3!1f0!2f0!3f0!3m2!1i1024!2i768!4f13.1!3m3!1m2!1s0xd494bcb3802a1d1%3A0x386d8be609c96065!2sEl%20Italiano!5e0!3m2!1ses!2ses!4v1742910757901!5m2!1ses!2ses\" width=\"400\" height=\"300\" allowfullscreen=\"allowfullscreen\"><\/iframe><\/p>\n<p>&gt;<iframe id=\"restaurante-elitaliano\" title=\"Reservas\" src=\"https:\/\/www.covermanager.com\/reservation\/module_restaurant\/restaurante-elitaliano\/spanish\" width=\"100%\" height=\"550\" frameborder=\"0\"><\/iframe> <script type=\"text\/javascript\"\n                                                                                        src=\"https:\/\/www.covermanager.com\/js\/iframeResizer.min.js\"><\/script><iframe id=\"restaurante-elitaliano\" title=\"Reservas\" src=\"https:\/\/www.covermanager.com\/reservation\/module_restaurant\/restaurante-elitaliano\/english\" width=\"100%\" height=\"550\" frameborder=\"0\"><\/iframe><\/p>\n","protected":false},"excerpt":{"rendered":"<p>RESERVA Estamos en la calle de Calder\u00f3n de la Barca, 9, Santander. Puedes llamarnos al tel\u00e9fono 942 21 21 68. Nuestro horario es de lunes a viernes de 13.00 a 01.00 h. El restaurante-tienda El Italiano est\u00e1 enfrente del Ferry, a la entrada de Santander,&#8230;<\/p>\n","protected":false},"author":1,"featured_media":0,"parent":0,"menu_order":0,"comment_status":"open","ping_status":"closed","template":"full_width.php","meta":{"_joinchat":[],"footnotes":""},"class_list":["post-15420","page","type-page","status-publish","hentry"],"_links":{"self":[{"href":"https:\/\/elitaliano.es\/en\/wp-json\/wp\/v2\/pages\/15420","targetHints":{"allow":["GET"]}}],"collection":[{"href":"https:\/\/elitaliano.es\/en\/wp-json\/wp\/v2\/pages"}],"about":[{"href":"https:\/\/elitaliano.es\/en\/wp-json\/wp\/v2\/types\/page"}],"author":[{"embeddable":true,"href":"https:\/\/elitaliano.es\/en\/wp-json\/wp\/v2\/users\/1"}],"replies":[{"embeddable":true,"href":"https:\/\/elitaliano.es\/en\/wp-json\/wp\/v2\/comments?post=15420"}],"version-history":[{"count":104,"href":"https:\/\/elitaliano.es\/en\/wp-json\/wp\/v2\/pages\/15420\/revisions"}],"predecessor-version":[{"id":17032,"href":"https:\/\/elitaliano.es\/en\/wp-json\/wp\/v2\/pages\/15420\/revisions\/17032"}],"wp:attachment":[{"href":"https:\/\/elitaliano.es\/en\/wp-json\/wp\/v2\/media?parent=15420"}],"curies":[{"name":"wp","href":"https:\/\/api.w.org\/{rel}","templated":true}]}}