{"id":15318,"date":"2015-05-21T12:50:52","date_gmt":"2015-05-21T12:50:52","guid":{"rendered":"http:\/\/demo.qodeinteractive.com\/bridge119\/?page_id=15318"},"modified":"2022-04-08T13:59:06","modified_gmt":"2022-04-08T11:59:06","slug":"la-historia","status":"publish","type":"page","link":"https:\/\/elitaliano.es\/en\/la-historia\/","title":{"rendered":"Our Story"},"content":{"rendered":"\t\t<div data-elementor-type=\"wp-page\" data-elementor-id=\"15318\" class=\"elementor elementor-15318\">\n\t\t\t\t\t\t\t\t\t<section class=\"elementor-section elementor-top-section elementor-element elementor-element-50b1db5e elementor-section-boxed elementor-section-height-default elementor-section-height-default\" data-id=\"50b1db5e\" data-element_type=\"section\">\n\t\t\t\t\t\t<div class=\"elementor-container elementor-column-gap-default\">\n\t\t\t\t\t<div class=\"elementor-column elementor-col-100 elementor-top-column elementor-element elementor-element-4c70a933\" data-id=\"4c70a933\" data-element_type=\"column\">\n\t\t\t<div class=\"elementor-widget-wrap elementor-element-populated\">\n\t\t\t\t\t\t\t\t<div class=\"elementor-element elementor-element-e689087 elementor-widget elementor-widget-text-editor\" data-id=\"e689087\" data-element_type=\"widget\" data-widget_type=\"text-editor.default\">\n\t\t\t\t<div class=\"elementor-widget-container\">\n\t\t\t\t\t\t\t<p align=\"JUSTIFY\"><\/p>\t\t\t\t\t\t<\/div>\n\t\t\t\t<\/div>\n\t\t\t\t\t<\/div>\n\t\t<\/div>\n\t\t\t\t\t\t\t<\/div>\n\t\t<\/section>\n\t\t\t\t<section class=\"elementor-section elementor-top-section elementor-element elementor-element-0487a12 elementor-section-boxed elementor-section-height-default elementor-section-height-default\" data-id=\"0487a12\" data-element_type=\"section\">\n\t\t\t\t\t\t<div class=\"elementor-container elementor-column-gap-default\">\n\t\t\t\t\t<div class=\"elementor-column elementor-col-100 elementor-top-column elementor-element elementor-element-e0aa225\" data-id=\"e0aa225\" data-element_type=\"column\">\n\t\t\t<div class=\"elementor-widget-wrap elementor-element-populated\">\n\t\t\t\t\t\t\t\t<div class=\"elementor-element elementor-element-9b5417c elementor-widget elementor-widget-text-editor\" data-id=\"9b5417c\" data-element_type=\"widget\" data-widget_type=\"text-editor.default\">\n\t\t\t\t<div class=\"elementor-widget-container\">\n\t\t\t\t\t\t\t<h2 style=\"text-align: center;\">La historia<\/h2>\t\t\t\t\t\t<\/div>\n\t\t\t\t<\/div>\n\t\t\t\t<div class=\"elementor-element elementor-element-adb3b8a elementor-widget elementor-widget-spacer\" data-id=\"adb3b8a\" data-element_type=\"widget\" data-widget_type=\"spacer.default\">\n\t\t\t\t<div class=\"elementor-widget-container\">\n\t\t\t\t\t<div class=\"elementor-spacer\">\n\t\t\t<div class=\"elementor-spacer-inner\"><\/div>\n\t\t<\/div>\n\t\t\t\t<\/div>\n\t\t\t\t<\/div>\n\t\t\t\t<div class=\"elementor-element elementor-element-0c15ab3 elementor-widget elementor-widget-image-carousel\" data-id=\"0c15ab3\" data-element_type=\"widget\" data-settings=\"{&quot;slides_to_show&quot;:&quot;3&quot;,&quot;navigation&quot;:&quot;none&quot;,&quot;autoplay&quot;:&quot;no&quot;,&quot;image_spacing_custom&quot;:{&quot;unit&quot;:&quot;px&quot;,&quot;size&quot;:30,&quot;sizes&quot;:[]},&quot;infinite&quot;:&quot;yes&quot;,&quot;speed&quot;:500,&quot;image_spacing_custom_tablet&quot;:{&quot;unit&quot;:&quot;px&quot;,&quot;size&quot;:&quot;&quot;,&quot;sizes&quot;:[]},&quot;image_spacing_custom_mobile&quot;:{&quot;unit&quot;:&quot;px&quot;,&quot;size&quot;:&quot;&quot;,&quot;sizes&quot;:[]}}\" data-widget_type=\"image-carousel.default\">\n\t\t\t\t<div class=\"elementor-widget-container\">\n\t\t\t\t\t<div class=\"elementor-image-carousel-wrapper swiper-container\" dir=\"ltr\">\n\t\t\t<div class=\"elementor-image-carousel swiper-wrapper\" aria-live=\"polite\">\n\t\t\t\t\t\t\t\t<div class=\"swiper-slide\" role=\"group\" aria-roledescription=\"slide\" aria-label=\"1 of 3\"><a data-elementor-open-lightbox=\"yes\" data-elementor-lightbox-slideshow=\"0c15ab3\" data-elementor-lightbox-title=\"IMG_4531\" data-e-action-hash=\"#elementor-action%3Aaction%3Dlightbox%26settings%3DeyJpZCI6MTY2MzQsInVybCI6Imh0dHBzOlwvXC9lbGl0YWxpYW5vLmVzXC93cC1jb250ZW50XC91cGxvYWRzXC8yMDIyXC8wNFwvSU1HXzQ1MzEuanBnIiwic2xpZGVzaG93IjoiMGMxNWFiMyJ9\" href=\"https:\/\/elitaliano.es\/wp-content\/uploads\/2022\/04\/IMG_4531.jpg\"><figure class=\"swiper-slide-inner\"><img decoding=\"async\" class=\"swiper-slide-image\" src=\"https:\/\/elitaliano.es\/wp-content\/uploads\/2022\/04\/IMG_4531.jpg\" alt=\"IMG_4531\" \/><\/figure><\/a><\/div><div class=\"swiper-slide\" role=\"group\" aria-roledescription=\"slide\" aria-label=\"2 of 3\"><a data-elementor-open-lightbox=\"yes\" data-elementor-lightbox-slideshow=\"0c15ab3\" data-elementor-lightbox-title=\"IMG_4530\" data-e-action-hash=\"#elementor-action%3Aaction%3Dlightbox%26settings%3DeyJpZCI6MTY2MzMsInVybCI6Imh0dHBzOlwvXC9lbGl0YWxpYW5vLmVzXC93cC1jb250ZW50XC91cGxvYWRzXC8yMDIyXC8wNFwvSU1HXzQ1MzAuanBnIiwic2xpZGVzaG93IjoiMGMxNWFiMyJ9\" href=\"https:\/\/elitaliano.es\/wp-content\/uploads\/2022\/04\/IMG_4530.jpg\"><figure class=\"swiper-slide-inner\"><img decoding=\"async\" class=\"swiper-slide-image\" src=\"https:\/\/elitaliano.es\/wp-content\/uploads\/2022\/04\/IMG_4530.jpg\" alt=\"IMG_4530\" \/><\/figure><\/a><\/div><div class=\"swiper-slide\" role=\"group\" aria-roledescription=\"slide\" aria-label=\"3 of 3\"><a data-elementor-open-lightbox=\"yes\" data-elementor-lightbox-slideshow=\"0c15ab3\" data-elementor-lightbox-title=\"IMG_4528\" data-e-action-hash=\"#elementor-action%3Aaction%3Dlightbox%26settings%3DeyJpZCI6MTY2MzIsInVybCI6Imh0dHBzOlwvXC9lbGl0YWxpYW5vLmVzXC93cC1jb250ZW50XC91cGxvYWRzXC8yMDIyXC8wNFwvSU1HXzQ1MjguanBnIiwic2xpZGVzaG93IjoiMGMxNWFiMyJ9\" href=\"https:\/\/elitaliano.es\/wp-content\/uploads\/2022\/04\/IMG_4528.jpg\"><figure class=\"swiper-slide-inner\"><img decoding=\"async\" class=\"swiper-slide-image\" src=\"https:\/\/elitaliano.es\/wp-content\/uploads\/2022\/04\/IMG_4528.jpg\" alt=\"IMG_4528\" \/><\/figure><\/a><\/div>\t\t\t<\/div>\n\t\t\t\t\t\t\t\n\t\t\t\t\t\t\t\t\t<\/div>\n\t\t\t\t<\/div>\n\t\t\t\t<\/div>\n\t\t\t\t<div class=\"elementor-element elementor-element-7024e74 elementor-widget elementor-widget-spacer\" data-id=\"7024e74\" data-element_type=\"widget\" data-widget_type=\"spacer.default\">\n\t\t\t\t<div class=\"elementor-widget-container\">\n\t\t\t\t\t<div class=\"elementor-spacer\">\n\t\t\t<div class=\"elementor-spacer-inner\"><\/div>\n\t\t<\/div>\n\t\t\t\t<\/div>\n\t\t\t\t<\/div>\n\t\t\t\t<section class=\"elementor-section elementor-inner-section elementor-element elementor-element-f80efa7 elementor-section-boxed elementor-section-height-default elementor-section-height-default\" data-id=\"f80efa7\" data-element_type=\"section\">\n\t\t\t\t\t\t<div class=\"elementor-container elementor-column-gap-wide\">\n\t\t\t\t\t<div class=\"elementor-column elementor-col-50 elementor-inner-column elementor-element elementor-element-6c14f4c\" data-id=\"6c14f4c\" data-element_type=\"column\">\n\t\t\t<div class=\"elementor-widget-wrap elementor-element-populated\">\n\t\t\t\t\t\t\t\t<div class=\"elementor-element elementor-element-fd75040 elementor-widget elementor-widget-text-editor\" data-id=\"fd75040\" data-element_type=\"widget\" data-widget_type=\"text-editor.default\">\n\t\t\t\t<div class=\"elementor-widget-container\">\n\t\t\t\t\t\t\t<h4><em><strong>De c\u00f3mo recorrimos 5.000 kil\u00f3metros en Italia en 15 d\u00edas y 25 a\u00f1os despu\u00e9s de hacer Erasmus en B\u00e9rgamo, montar los mejores italianos de Madrid, hacer trenzas de mozzarela en Salerno e importar en avi\u00f3n Salumis de la Costa Amalfitana. Ahora tenemos muy claro que si volvi\u00e9ramos a nacer, nos gustar\u00eda ser italianos. <\/strong><\/em><\/h4>\t\t\t\t\t\t<\/div>\n\t\t\t\t<\/div>\n\t\t\t\t<div class=\"elementor-element elementor-element-6dd6fd0 elementor-widget elementor-widget-text-editor\" data-id=\"6dd6fd0\" data-element_type=\"widget\" data-widget_type=\"text-editor.default\">\n\t\t\t\t<div class=\"elementor-widget-container\">\n\t\t\t\t\t\t\t<p>Llevamos 25 a\u00f1os pensando en italiano. No sabemos qui\u00e9n tiene la culpa; hay teor\u00edas que apuntan al hecho que nuestros padres pasaran su luna de miel en Venecia. Pero la teor\u00eda con m\u00e1s fuerza es que fuimos de los primeros privilegiados en recibir una <strong>beca Erasmus en el 89<\/strong>, en B\u00e9rgamo. Llegamos en tren a Milano Centrale y no fuimos capaces de hacernos entender con el que vend\u00eda los billetes hasta B\u00e9rgamo. 19 a\u00f1itos y mucha melena. Descubrimos l<strong>os ristretti, los paninni, los gelati, el parmiggiano, la pizza al taglio, la polenta, la gorgonzola, la mozzarella, la pasta al dente, la pasta al forno y la crema di caff\u00e8, el Lago de Garda y que Venecia es bonita hasta cuando vas sin un amor a tu lado.<\/strong> La pasi\u00f3n italiana hay que sentirla porque uno despu\u00e9s se siente m\u00e1s vivo. Poco a poco fuimos dominando la lengua, descubriendo sus secretos y conociendo un mont\u00f3n de historias y la pasi\u00f3n de los italianos por comer rico alrededor de una mesa. Se lo toman de otra manera, incluso en la universidad eran los \u00fanicos de todos los europeos que com\u00edan un primero, un segundo y postre. Cuando empezamos a estudiar hosteler\u00eda en Suiza conocimos a Guido. Y nos cambi\u00f3 la vida. Hijo de una de las m\u00e1s famosas cocineras y bodegueras de Italia, Lorenza de Medici, que tiene 22 libros a sus espaldas. Y ah\u00ed empez\u00f3 el romance. <strong>Nos invit\u00f3 cuatro d\u00edas a una abad\u00eda del siglo XI en mitad de la Toscana y nos cocin\u00f3 platos y m\u00e1s platos.<\/strong> Y nos dimos cuenta de que llevan nueve siglos haciendo las cosas con mucho sentido. Frescos del siglo XVII en el comedor con risotto al limone, pollos con romero, gnochi de espinacas y bolognesas con parmiggiano nos hicieron ver las cosas de otra manera y a partir de ah\u00ed empezamos a investigar m\u00e1s en la cocina italiana.<\/p><p>En el 99, con nuestro tocayo y amigo\u00a0Carlos Nu\u00f1ez y la ayuda de Guido, creamos nuestro primer sue\u00f1o a la italiana y pusimos en marcha\u00a0dos restaurantes italianos. Uno\u00a0superfashion,\u00a0que fue el primer proyecto de Germ\u00e1n \u00c1lvarez reci\u00e9n salido de la escuela: <strong>el Mylola<\/strong><i>,<\/i>\u00a0con Pepe Barroso, y otro de barrio que se llamaba <strong>Il vicino<\/strong><i>. <\/i>As\u00ed empezamos\u00a0a enredar en el mundo del restaurante italiano.<\/p>\t\t\t\t\t\t<\/div>\n\t\t\t\t<\/div>\n\t\t\t\t\t<\/div>\n\t\t<\/div>\n\t\t\t\t<div class=\"elementor-column elementor-col-50 elementor-inner-column elementor-element elementor-element-09267d3\" data-id=\"09267d3\" data-element_type=\"column\">\n\t\t\t<div class=\"elementor-widget-wrap elementor-element-populated\">\n\t\t\t\t\t\t\t\t<div class=\"elementor-element elementor-element-1954595 elementor-widget elementor-widget-text-editor\" data-id=\"1954595\" data-element_type=\"widget\" data-widget_type=\"text-editor.default\">\n\t\t\t\t<div class=\"elementor-widget-container\">\n\t\t\t\t\t\t\t<p>En 2001, <strong>Pl\u00e1cido Arango Garc\u00eda-Urtiaga<\/strong> nos contrat\u00f3 para dirigir los mejores restaurantes italianos que su padre abri\u00f3 en el Madrid de los a\u00f1os setenta. Nunca cesaremos de agradecer esta alternativa que nos dio el Grupo VIP\u00b4S.<\/p><p align=\"JUSTIFY\"><strong>Tattaglia, Lucca, Rugantino, Paparrazi y Bice<\/strong><i>,<\/i>\u00a0\u00a1ah\u00ed es nada! Tuvimos que hacer un m\u00e1ster intensivo porque lo que sab\u00edamos no era suficiente. Nos compramos todos los libros del mundo y nuestro jefe nos dijo que ten\u00edamos que comer en los mejores italianos y empezamos por el Harry\u00b4s Bar<i>,<\/i> de Venecia, y los que estaban en boga en el momento y que siguen siendo los top de Londres, Locanda Locatelli y Cecconis. Y aprendimos de lo lindo.<\/p><p align=\"JUSTIFY\">En 2003 nos fuimos a la <strong>feria de Slow Food en Tur\u00edn<\/strong>, que acababa de empezar, y conocimos a los peque\u00f1os productores italianos. Nos recorrimos la ciudad\u00a0y viajamos a Venecia y volvimos con las pilas cargadas para empezar a retocar esos restaurantes. En Madrid, junto con Giorgio Baldar en Bice<i>,\u00a0<\/i>empezamos a hacer jornadas de producto y trajimos de todo: trufa blanca, bals\u00e1micos antiguos, aceites toscanos, carpaccio calientes, trufa negra en enero, at\u00fan siciliano, pastas frescas hechas a mano, risotto de la pera limonera, fotos de la <em>Dolce Vita,<\/em> y Bice se convirti\u00f3 en uno de esos restaurantes italianos que se com\u00eda rico rico. Rugantino, Paparazzi, Tattaglia y Lucca, con Benito Garc\u00eda al frente, quien consigui\u00f3 que fueran de esos restaurantes italianos que no fallan nunca. Con \u00e9l aprendimos que hab\u00eda que hacerlo muy bien los 365 d\u00edas del a\u00f1o, que no bastaba con cocinar un plato muy rico un solo d\u00eda.<\/p><p align=\"JUSTIFY\">Slow Food nos pareci\u00f3 la bomba as\u00ed que 11 a\u00f1os despu\u00e9s volvimos\u00a0a la feria, probamos, catamos y conocimos\u00a0a m\u00e1s de 35 productores italianos. <strong>Nos hicimos importadores para poder tener en Santander lo mejor de Italia.<\/strong> Despu\u00e9s de conocerles en la feria, nos recorrimos toda Italia, de punta a punta, desde Torino pasando por Bologna, Roma, N\u00e1poles, la costa Amalfitana, Campania, Basilicata y la Puglia hasta el mismo tac\u00f3n del mapa. 5.000 km en 15 d\u00edas. Visitamos sus peque\u00f1as f\u00e1bricas, granjas y vimos c\u00f3mo se hacen esas trenzas de mozzarella a la vera de las monta\u00f1as.<\/p><p align=\"JUSTIFY\"><em><strong>Carlos.<\/strong><\/em><\/p>\t\t\t\t\t\t<\/div>\n\t\t\t\t<\/div>\n\t\t\t\t\t<\/div>\n\t\t<\/div>\n\t\t\t\t\t\t\t<\/div>\n\t\t<\/section>\n\t\t\t\t\t<\/div>\n\t\t<\/div>\n\t\t\t\t\t\t\t<\/div>\n\t\t<\/section>\n\t\t\t\t<section class=\"elementor-section elementor-top-section elementor-element elementor-element-29af6f1 elementor-section-boxed elementor-section-height-default elementor-section-height-default\" data-id=\"29af6f1\" data-element_type=\"section\">\n\t\t\t\t\t\t<div class=\"elementor-container elementor-column-gap-default\">\n\t\t\t\t\t<div class=\"elementor-column elementor-col-100 elementor-top-column elementor-element elementor-element-717f81c\" data-id=\"717f81c\" data-element_type=\"column\">\n\t\t\t<div class=\"elementor-widget-wrap\">\n\t\t\t\t\t\t\t\t\t<\/div>\n\t\t<\/div>\n\t\t\t\t\t\t\t<\/div>\n\t\t<\/section>\n\t\t\t\t\t\t\t<\/div>\n\t\t","protected":false},"excerpt":{"rendered":"<p>La historia De c\u00f3mo recorrimos 5.000 kil\u00f3metros en Italia en 15 d\u00edas y 25 a\u00f1os despu\u00e9s de hacer Erasmus en B\u00e9rgamo, montar los mejores italianos de Madrid, hacer trenzas de mozzarela en Salerno e importar en avi\u00f3n Salumis de la Costa Amalfitana. Ahora tenemos muy&#8230;<\/p>\n","protected":false},"author":1,"featured_media":0,"parent":0,"menu_order":0,"comment_status":"open","ping_status":"closed","template":"full_width.php","meta":{"_joinchat":[],"footnotes":""},"class_list":["post-15318","page","type-page","status-publish","hentry"],"_links":{"self":[{"href":"https:\/\/elitaliano.es\/en\/wp-json\/wp\/v2\/pages\/15318","targetHints":{"allow":["GET"]}}],"collection":[{"href":"https:\/\/elitaliano.es\/en\/wp-json\/wp\/v2\/pages"}],"about":[{"href":"https:\/\/elitaliano.es\/en\/wp-json\/wp\/v2\/types\/page"}],"author":[{"embeddable":true,"href":"https:\/\/elitaliano.es\/en\/wp-json\/wp\/v2\/users\/1"}],"replies":[{"embeddable":true,"href":"https:\/\/elitaliano.es\/en\/wp-json\/wp\/v2\/comments?post=15318"}],"version-history":[{"count":65,"href":"https:\/\/elitaliano.es\/en\/wp-json\/wp\/v2\/pages\/15318\/revisions"}],"predecessor-version":[{"id":16650,"href":"https:\/\/elitaliano.es\/en\/wp-json\/wp\/v2\/pages\/15318\/revisions\/16650"}],"wp:attachment":[{"href":"https:\/\/elitaliano.es\/en\/wp-json\/wp\/v2\/media?parent=15318"}],"curies":[{"name":"wp","href":"https:\/\/api.w.org\/{rel}","templated":true}]}}