{"id":15251,"date":"2015-05-18T09:51:02","date_gmt":"2015-05-18T09:51:02","guid":{"rendered":"http:\/\/demo.qodeinteractive.com\/bridge119\/?page_id=15251"},"modified":"2026-04-10T15:20:40","modified_gmt":"2026-04-10T13:20:40","slug":"home","status":"publish","type":"page","link":"https:\/\/elitaliano.es\/en\/","title":{"rendered":"Home"},"content":{"rendered":"\t\t<div data-elementor-type=\"wp-page\" data-elementor-id=\"15251\" class=\"elementor elementor-15251\">\n\t\t\t\t\t\t\t\t\t<section class=\"elementor-section elementor-top-section elementor-element elementor-element-16eae69 elementor-section-boxed elementor-section-height-default elementor-section-height-default\" data-id=\"16eae69\" data-element_type=\"section\">\n\t\t\t\t\t\t<div class=\"elementor-container elementor-column-gap-wider\">\n\t\t\t\t\t<div class=\"elementor-column elementor-col-50 elementor-top-column elementor-element elementor-element-567657d\" data-id=\"567657d\" data-element_type=\"column\">\n\t\t\t<div class=\"elementor-widget-wrap elementor-element-populated\">\n\t\t\t\t\t\t\t\t<div class=\"elementor-element elementor-element-a8c3a0e elementor-widget__width-initial elementor-widget elementor-widget-text-editor\" data-id=\"a8c3a0e\" data-element_type=\"widget\" data-widget_type=\"text-editor.default\">\n\t\t\t\t<div class=\"elementor-widget-container\">\n\t\t\t\t\t\t\t<div>\n<div>\n<h1 style=\"text-align: center;\"><span style=\"color: #007552;\">El Italiano<\/span><\/h1>\n<\/div>\n<\/div>\n<div style=\"text-align: center;\">&nbsp;<\/div>\n<div>\n<div>\n<h4 style=\"text-align: center;\">En 2015, antes de inaugurar El Italiano, hicimos un viaje de 5.000 kil\u00f3metros por toda Italia para conocer personalmente a los peque\u00f1os productores SLOW FOOD. Preguntamos por la mejor mozzarella en Salerno y todos nos dijeron: \u00ab\u00a1La de Roberta!\u00bb.<\/h4>\n<h4 style=\"text-align: center;\">&nbsp;Fuimos a Gragnano, a la capital mundial de la pasta, en busca del pastificio Faella. Nos perdimos en los Apeninos, como Marco, para conseguir los salumi de Fratelli Sallini; y nos dejamos mimar (\u00a1y mucho!) en Coltibuono, una abad\u00eda del s. XI en medio de la Toscana que ahora hasta sale en Netflix y donde se elabora un vino buen\u00edsimo.<\/h4><div><br><\/div>\n<\/div>\n<\/div>\t\t\t\t\t\t<\/div>\n\t\t\t\t<\/div>\n\t\t\t\t<div class=\"elementor-element elementor-element-c637021 elementor-align-center elementor-widget elementor-widget-button\" data-id=\"c637021\" data-element_type=\"widget\" data-widget_type=\"button.default\">\n\t\t\t\t<div class=\"elementor-widget-container\">\n\t\t\t\t\t<div class=\"elementor-button-wrapper\">\n\t\t\t<a class=\"elementor-button elementor-button-link elementor-size-sm\" href=\"https:\/\/elitaliano.es\/wp-content\/uploads\/2026\/04\/italiano_marzo-2026.pdf\">\n\t\t\t\t\t\t<span class=\"elementor-button-content-wrapper\">\n\t\t\t\t\t\t<span class=\"elementor-button-text\">Consulta la carta<\/span>\n\t\t<\/span>\n\t\t\t\t\t<\/a>\n\t\t<\/div>\n\t\t\t\t<\/div>\n\t\t\t\t<\/div>\n\t\t\t\t\t<\/div>\n\t\t<\/div>\n\t\t\t\t<div class=\"elementor-column elementor-col-50 elementor-top-column elementor-element elementor-element-8f9c939\" data-id=\"8f9c939\" data-element_type=\"column\">\n\t\t\t<div class=\"elementor-widget-wrap elementor-element-populated\">\n\t\t\t\t\t\t\t\t<div class=\"elementor-element elementor-element-edcc6ad elementor-widget__width-initial elementor-widget elementor-widget-image\" data-id=\"edcc6ad\" data-element_type=\"widget\" data-widget_type=\"image.default\">\n\t\t\t\t<div class=\"elementor-widget-container\">\n\t\t\t\t\t\t\t\t\t\t\t\t\t\t\t<img fetchpriority=\"high\" decoding=\"async\" width=\"1024\" height=\"709\" src=\"https:\/\/elitaliano.es\/wp-content\/uploads\/2024\/03\/EQUIPO-EL-ITALIANO-1-1024x709.jpg\" class=\"attachment-large size-large wp-image-16871\" alt=\"\" srcset=\"https:\/\/elitaliano.es\/wp-content\/uploads\/2024\/03\/EQUIPO-EL-ITALIANO-1-1024x709.jpg 1024w, https:\/\/elitaliano.es\/wp-content\/uploads\/2024\/03\/EQUIPO-EL-ITALIANO-1-300x208.jpg 300w, https:\/\/elitaliano.es\/wp-content\/uploads\/2024\/03\/EQUIPO-EL-ITALIANO-1-768x532.jpg 768w, https:\/\/elitaliano.es\/wp-content\/uploads\/2024\/03\/EQUIPO-EL-ITALIANO-1-1536x1064.jpg 1536w, https:\/\/elitaliano.es\/wp-content\/uploads\/2024\/03\/EQUIPO-EL-ITALIANO-1-2048x1418.jpg 2048w, https:\/\/elitaliano.es\/wp-content\/uploads\/2024\/03\/EQUIPO-EL-ITALIANO-1-700x485.jpg 700w\" sizes=\"(max-width: 1024px) 100vw, 1024px\" \/>\t\t\t\t\t\t\t\t\t\t\t\t\t\t\t<\/div>\n\t\t\t\t<\/div>\n\t\t\t\t\t<\/div>\n\t\t<\/div>\n\t\t\t\t\t\t\t<\/div>\n\t\t<\/section>\n\t\t\t\t<section class=\"elementor-section elementor-top-section elementor-element elementor-element-ff48a00 elementor-section-boxed elementor-section-height-default elementor-section-height-default\" data-id=\"ff48a00\" data-element_type=\"section\">\n\t\t\t\t\t\t<div class=\"elementor-container elementor-column-gap-wider\">\n\t\t\t\t\t<div class=\"elementor-column elementor-col-50 elementor-top-column elementor-element elementor-element-0893bf3\" data-id=\"0893bf3\" data-element_type=\"column\">\n\t\t\t<div class=\"elementor-widget-wrap elementor-element-populated\">\n\t\t\t\t\t\t\t\t<div class=\"elementor-element elementor-element-89352a9 elementor-widget elementor-widget-image\" data-id=\"89352a9\" data-element_type=\"widget\" data-widget_type=\"image.default\">\n\t\t\t\t<div class=\"elementor-widget-container\">\n\t\t\t\t\t\t\t\t\t\t\t\t\t\t\t<img decoding=\"async\" width=\"781\" height=\"1024\" src=\"https:\/\/elitaliano.es\/wp-content\/uploads\/2024\/03\/PLATOS-EL-ITALIANO-11-copia-3-781x1024.jpg\" class=\"attachment-large size-large wp-image-16874\" alt=\"\" srcset=\"https:\/\/elitaliano.es\/wp-content\/uploads\/2024\/03\/PLATOS-EL-ITALIANO-11-copia-3-781x1024.jpg 781w, https:\/\/elitaliano.es\/wp-content\/uploads\/2024\/03\/PLATOS-EL-ITALIANO-11-copia-3-229x300.jpg 229w, https:\/\/elitaliano.es\/wp-content\/uploads\/2024\/03\/PLATOS-EL-ITALIANO-11-copia-3-768x1007.jpg 768w, https:\/\/elitaliano.es\/wp-content\/uploads\/2024\/03\/PLATOS-EL-ITALIANO-11-copia-3-1172x1536.jpg 1172w, https:\/\/elitaliano.es\/wp-content\/uploads\/2024\/03\/PLATOS-EL-ITALIANO-11-copia-3-1562x2048.jpg 1562w, https:\/\/elitaliano.es\/wp-content\/uploads\/2024\/03\/PLATOS-EL-ITALIANO-11-copia-3-700x918.jpg 700w, https:\/\/elitaliano.es\/wp-content\/uploads\/2024\/03\/PLATOS-EL-ITALIANO-11-copia-3-scaled.jpg 1953w\" sizes=\"(max-width: 781px) 100vw, 781px\" \/>\t\t\t\t\t\t\t\t\t\t\t\t\t\t\t<\/div>\n\t\t\t\t<\/div>\n\t\t\t\t\t<\/div>\n\t\t<\/div>\n\t\t\t\t<div class=\"elementor-column elementor-col-50 elementor-top-column elementor-element elementor-element-274a4b4\" data-id=\"274a4b4\" data-element_type=\"column\">\n\t\t\t<div class=\"elementor-widget-wrap elementor-element-populated\">\n\t\t\t\t\t\t\t\t<div class=\"elementor-element elementor-element-8f1ae6f elementor-widget elementor-widget-text-editor\" data-id=\"8f1ae6f\" data-element_type=\"widget\" data-widget_type=\"text-editor.default\">\n\t\t\t\t<div class=\"elementor-widget-container\">\n\t\t\t\t\t\t\t<div><div><h1 style=\"text-align: center;\"><span style=\"color: #007552;\">Restaurante<\/span><\/h1><\/div><\/div><div style=\"text-align: center;\">\u00a0<\/div><div><div><h4 style=\"text-align: center;\">Con todo lo aprendido, hemos creado una carta con m\u00e1s de 60 recetas italianas originales. Pizzas con harina ecol\u00f3gica, hechas en horno con piedra, pasta fresca rellena, salumis artesanales, quesos italianos diferentes, verduras ecol\u00f3gicas de temporada\u2026<\/h4><div>\u00a0<\/div><div><h4 style=\"background-color: #f6f6f6; text-align: center;\">Pizzas con harina bio\u00a0 italiana &#8216;Molino Rosso&#8217;, pastas de Gragnano y de Puglia top de Italia: Faella y Benedetto Cavalieri, passata di Pomodoro di Calabria.<\/h4><h4 style=\"background-color: #f6f6f6; text-align: center;\">\u00a0<\/h4><h4 style=\"background-color: #f6f6f6; text-align: center;\">\u00a0Parmiggiano de Granja Guareschi, vinoteca entretenida y milanesas imbatibles.\u00a0<\/h4><h4 style=\"background-color: #f6f6f6; text-align: center;\">\u00a0<\/h4><h4 style=\"background-color: #f6f6f6; text-align: center;\">Cocineros que cocinan de verdad. Camareros que miran a los ojos.\u00a0<\/h4><h4 style=\"background-color: #f6f6f6; text-align: center;\">\u00a0<\/h4><h4 style=\"background-color: #f6f6f6; text-align: center;\">Azulejos verdes atrapadores, lamparas de Jaime Hay\u00f3n y comidas y cenas con sonrisas interminables.\u00a0<\/h4><\/div><div>\u00a0<\/div><\/div><\/div>\t\t\t\t\t\t<\/div>\n\t\t\t\t<\/div>\n\t\t\t\t\t<\/div>\n\t\t<\/div>\n\t\t\t\t\t\t\t<\/div>\n\t\t<\/section>\n\t\t\t\t\t\t\t<\/div>\n\t\t","protected":false},"excerpt":{"rendered":"<p>El Italiano &nbsp; En 2015, antes de inaugurar El Italiano, hicimos un viaje de 5.000 kil\u00f3metros por toda Italia para conocer personalmente a los peque\u00f1os productores SLOW FOOD. Preguntamos por la mejor mozzarella en Salerno y todos nos dijeron: \u00ab\u00a1La de Roberta!\u00bb. &nbsp;Fuimos a Gragnano,&#8230;<\/p>\n","protected":false},"author":1,"featured_media":0,"parent":0,"menu_order":0,"comment_status":"open","ping_status":"open","template":"full_width.php","meta":{"_joinchat":[],"footnotes":""},"class_list":["post-15251","page","type-page","status-publish","hentry"],"_links":{"self":[{"href":"https:\/\/elitaliano.es\/en\/wp-json\/wp\/v2\/pages\/15251","targetHints":{"allow":["GET"]}}],"collection":[{"href":"https:\/\/elitaliano.es\/en\/wp-json\/wp\/v2\/pages"}],"about":[{"href":"https:\/\/elitaliano.es\/en\/wp-json\/wp\/v2\/types\/page"}],"author":[{"embeddable":true,"href":"https:\/\/elitaliano.es\/en\/wp-json\/wp\/v2\/users\/1"}],"replies":[{"embeddable":true,"href":"https:\/\/elitaliano.es\/en\/wp-json\/wp\/v2\/comments?post=15251"}],"version-history":[{"count":153,"href":"https:\/\/elitaliano.es\/en\/wp-json\/wp\/v2\/pages\/15251\/revisions"}],"predecessor-version":[{"id":17085,"href":"https:\/\/elitaliano.es\/en\/wp-json\/wp\/v2\/pages\/15251\/revisions\/17085"}],"wp:attachment":[{"href":"https:\/\/elitaliano.es\/en\/wp-json\/wp\/v2\/media?parent=15251"}],"curies":[{"name":"wp","href":"https:\/\/api.w.org\/{rel}","templated":true}]}}